{"id":459,"date":"2026-01-08T13:07:37","date_gmt":"2026-01-08T12:07:37","guid":{"rendered":"https:\/\/farmaciaandorra.com\/sistema-personalitzat-de-dosificacio-spd\/"},"modified":"2026-01-14T19:40:27","modified_gmt":"2026-01-14T18:40:27","slug":"sistema-personalitzat-de-dosificacio-spd","status":"publish","type":"page","link":"https:\/\/farmaciaandorra.com\/ca\/sistema-personalitzat-de-dosificacio-spd\/","title":{"rendered":"Sistema personalitzat de dosificaci\u00f3 SPD"},"content":{"rendered":"\t\t<div data-elementor-type=\"wp-page\" data-elementor-id=\"459\" class=\"elementor elementor-459 elementor-455\" data-elementor-post-type=\"page\">\n\t\t\t\t<div class=\"elementor-element elementor-element-8649dfb e-flex e-con-boxed e-con e-parent\" data-id=\"8649dfb\" data-element_type=\"container\" data-e-type=\"container\">\n\t\t\t\t\t<div class=\"e-con-inner\">\n\t\t\t\t<div class=\"elementor-element elementor-element-4d0a011 elementor-widget elementor-widget-html\" data-id=\"4d0a011\" data-element_type=\"widget\" data-e-type=\"widget\" data-widget_type=\"html.default\">\n\t\t\t\t<div class=\"elementor-widget-container\">\n\t\t\t\t\t<section class=\"spd-farmacia\">\r\n  <style>\r\n    .spd-farmacia {\r\n      max-width: 1200px;\r\n      margin: auto;\r\n      padding: 60px 20px;\r\n      font-family: inherit;\r\n      color: #333;\r\n    }\r\n\r\n    .spd-farmacia h1 {\r\n      text-align: center;\r\n      font-size: 36px;\r\n      margin-bottom: 20px;\r\n    }\r\n\r\n    .spd-intro {\r\n      text-align: center;\r\n      max-width: 900px;\r\n      margin: 0 auto 50px;\r\n      font-size: 18px;\r\n      line-height: 1.7;\r\n      color: #444;\r\n    }\r\n\r\n    .spd-grid {\r\n      display: grid;\r\n      grid-template-columns: 1fr 1fr;\r\n      gap: 40px;\r\n      margin-bottom: 50px;\r\n    }\r\n\r\n    .spd-box {\r\n      background: #f5f7f6;\r\n      padding: 30px;\r\n      border-radius: 14px;\r\n    }\r\n\r\n    .spd-box h3,\r\n    .spd-highlight h3 {\r\n      font-size: 22px;\r\n      margin-bottom: 12px;\r\n      color: #1a7f6b;\r\n    }\r\n\r\n    .spd-box p,\r\n    .spd-box ul {\r\n      font-size: 16px;\r\n      line-height: 1.6;\r\n      margin: 0;\r\n    }\r\n\r\n    .spd-box ul {\r\n      padding-left: 18px;\r\n      margin-top: 10px;\r\n    }\r\n\r\n    .spd-box li {\r\n      margin-bottom: 8px;\r\n    }\r\n\r\n    .spd-highlight {\r\n      background: #eef6f4;\r\n      padding: 30px;\r\n      border-radius: 14px;\r\n      margin-bottom: 50px;\r\n      text-align: center;\r\n    }\r\n\r\n    .spd-highlight p {\r\n      font-size: 16px;\r\n      line-height: 1.6;\r\n      max-width: 900px;\r\n      margin: 0 auto;\r\n      color: #444;\r\n    }\r\n\r\n    .spd-cta {\r\n      text-align: center;\r\n      margin-top: 40px;\r\n    }\r\n\r\n    .spd-cta a {\r\n      display: inline-block;\r\n      margin: 10px;\r\n      padding: 14px 26px;\r\n      border-radius: 30px;\r\n      text-decoration: none;\r\n      font-weight: 600;\r\n      font-size: 16px;\r\n      color: #fff;\r\n      background: #1a7f6b;\r\n    }\r\n\r\n    .spd-cta a.secondary {\r\n      background: #4a90e2;\r\n    }\r\n\r\n    \/* MOBILE *\/\r\n    @media (max-width: 991px) {\r\n      .spd-grid {\r\n        grid-template-columns: 1fr;\r\n      }\r\n\r\n      .spd-farmacia h1 {\r\n        font-size: 28px;\r\n      }\r\n\r\n      .spd-intro {\r\n        font-size: 16px;\r\n      }\r\n\r\n      .spd-highlight p {\r\n        font-size: 15px;\r\n      }\r\n    }\r\n  <\/style>\r\n\r\n  <h1>Sistema Personalitzat de Dosificaci\u00f3 (SPD)<\/h1>\r\n\r\n  <p class=\"spd-intro\">\r\n    El Sistema Personalitzat de Dosificaci\u00f3 (SPD) \u00e9s un servei farmac\u00e8utic\r\n    pensat per ajudar les persones que prenen diversos medicaments\r\n    a seguir correctament el seu tractament, de manera segura,\r\n    c\u00f2moda i controlada. A la Farm\u00e0cia Roser Mir\u00f3 oferim aquest servei\r\n    amb seguiment professional.\r\n  <\/p>\r\n\r\n  <div class=\"spd-grid\">\r\n    <div class=\"spd-box\">\r\n      <h3>A qui va dirigit?<\/h3>\r\n      <ul>\r\n        <li>Persones grans o polimedicades<\/li>\r\n        <li>Pacients amb tractaments complexos<\/li>\r\n        <li>Persones amb dificultats de mem\u00f2ria o adher\u00e8ncia<\/li>\r\n        <li>Familiars i cuidadors<\/li>\r\n        <li>Pacients despr\u00e9s d\u2019una alta hospital\u00e0ria<\/li>\r\n      <\/ul>\r\n    <\/div>\r\n\r\n    <div class=\"spd-box\">\r\n      <h3>Qu\u00e8 \u00e9s un SPD?<\/h3>\r\n      <p>\r\n        Consisteix en la preparaci\u00f3 setmanal de la medicaci\u00f3 del pacient,\r\n        organitzada per dies i preses en bl\u00edsters personalitzats.\r\n        Tot el proc\u00e9s es realitza despr\u00e9s d\u2019una revisi\u00f3 farmac\u00e8utica\r\n        del tractament.\r\n      <\/p>\r\n    <\/div>\r\n  <\/div>\r\n\r\n  <div class=\"spd-highlight\">\r\n    <h3>SPD amb tecnologia robotitzada semiautom\u00e0tica<\/h3>\r\n    <p>\r\n      A la nostra farm\u00e0cia utilitzem un sistema robotitzat semiautom\u00e0tic\r\n      que permet una preparaci\u00f3 m\u00e9s precisa, segura i controlada dels bl\u00edsters,\r\n      reduint errors i millorant la tra\u00e7abilitat del tractament.\r\n    <\/p>\r\n  <\/div>\r\n\r\n  <div class=\"spd-grid\">\r\n    <div class=\"spd-box\">\r\n      <h3>Beneficis del servei<\/h3>\r\n      <ul>\r\n        <li>Millora de l\u2019adher\u00e8ncia al tractament<\/li>\r\n        <li>Reducci\u00f3 d\u2019errors en la medicaci\u00f3<\/li>\r\n        <li>M\u00e9s seguretat per al pacient<\/li>\r\n        <li>Tranquil\u00b7litat per a la fam\u00edlia<\/li>\r\n        <li>Seguiment farmac\u00e8utic continu<\/li>\r\n      <\/ul>\r\n    <\/div>\r\n\r\n    <div class=\"spd-box\">\r\n      <h3>Seguiment professional<\/h3>\r\n      <p>\r\n        El nostre equip de farmac\u00e8utics revisa peri\u00f2dicament el tractament,\r\n        detecta possibles interaccions i adapta el servei davant qualsevol\r\n        canvi prescrit pel metge.\r\n      <\/p>\r\n    <\/div>\r\n  <\/div>\r\n\r\n  <div class=\"spd-cta\">\r\n    <a href=\"https:\/\/wa.me\/376367344\" target=\"_blank\" rel=\"noopener\">Consultar per WhatsApp<\/a>\r\n    <a href=\"\/ca\/contacte\/\" class=\"secondary\">Contactar amb la farm\u00e0cia<\/a>\r\n  <\/div>\r\n<\/section>\r\n\t\t\t\t<\/div>\n\t\t\t\t<\/div>\n\t\t\t\t\t<\/div>\n\t\t\t\t<\/div>\n\t\t\t\t<\/div>\n\t\t","protected":false},"excerpt":{"rendered":"<p>Sistema Personalitzat de Dosificaci\u00f3 (SPD) El Sistema Personalitzat de Dosificaci\u00f3 (SPD) \u00e9s un servei farmac\u00e8utic pensat per ajudar les persones que prenen diversos medicaments a seguir correctament el seu tractament, de manera segura, c\u00f2moda i controlada. A la Farm\u00e0cia Roser Mir\u00f3 oferim aquest servei amb seguiment professional. A qui va dirigit? Persones grans o polimedicades [&hellip;]<\/p>\n","protected":false},"author":1,"featured_media":0,"parent":0,"menu_order":0,"comment_status":"closed","ping_status":"closed","template":"","meta":{"footnotes":""},"class_list":["post-459","page","type-page","status-publish","hentry"],"_links":{"self":[{"href":"https:\/\/farmaciaandorra.com\/ca\/wp-json\/wp\/v2\/pages\/459","targetHints":{"allow":["GET"]}}],"collection":[{"href":"https:\/\/farmaciaandorra.com\/ca\/wp-json\/wp\/v2\/pages"}],"about":[{"href":"https:\/\/farmaciaandorra.com\/ca\/wp-json\/wp\/v2\/types\/page"}],"author":[{"embeddable":true,"href":"https:\/\/farmaciaandorra.com\/ca\/wp-json\/wp\/v2\/users\/1"}],"replies":[{"embeddable":true,"href":"https:\/\/farmaciaandorra.com\/ca\/wp-json\/wp\/v2\/comments?post=459"}],"version-history":[{"count":9,"href":"https:\/\/farmaciaandorra.com\/ca\/wp-json\/wp\/v2\/pages\/459\/revisions"}],"predecessor-version":[{"id":519,"href":"https:\/\/farmaciaandorra.com\/ca\/wp-json\/wp\/v2\/pages\/459\/revisions\/519"}],"wp:attachment":[{"href":"https:\/\/farmaciaandorra.com\/ca\/wp-json\/wp\/v2\/media?parent=459"}],"curies":[{"name":"wp","href":"https:\/\/api.w.org\/{rel}","templated":true}]}}